{"id":61,"date":"2020-01-23T18:21:52","date_gmt":"2020-01-23T18:21:52","guid":{"rendered":"https:\/\/demosites.io\/web-agency-gb\/?page_id=61"},"modified":"2022-03-08T10:00:33","modified_gmt":"2022-03-08T10:00:33","slug":"hakkimizda","status":"publish","type":"page","link":"https:\/\/cgkimya.com\/index.php\/hakkimizda\/","title":{"rendered":"Hakk\u0131m\u0131zda"},"content":{"rendered":"\t\t<div data-elementor-type=\"wp-page\" data-elementor-id=\"61\" class=\"elementor elementor-61\" data-elementor-settings=\"[]\">\n\t\t\t\t\t\t\t<div class=\"elementor-section-wrap\">\n\t\t\t\t\t\t\t<section class=\"elementor-section elementor-top-section elementor-element elementor-element-7ec057f elementor-section-height-min-height elementor-section-boxed elementor-section-height-default elementor-section-items-middle\" data-id=\"7ec057f\" data-element_type=\"section\" data-settings=\"{&quot;background_background&quot;:&quot;classic&quot;}\">\n\t\t\t\t\t\t<div class=\"elementor-container elementor-column-gap-extended\">\n\t\t\t\t\t<div class=\"elementor-column elementor-col-100 elementor-top-column elementor-element elementor-element-959828b\" data-id=\"959828b\" data-element_type=\"column\">\n\t\t\t<div class=\"elementor-widget-wrap elementor-element-populated\">\n\t\t\t\t\t\t\t\t<div class=\"elementor-element elementor-element-4320df5 elementor-widget elementor-widget-heading\" data-id=\"4320df5\" data-element_type=\"widget\" data-widget_type=\"heading.default\">\n\t\t\t\t<div class=\"elementor-widget-container\">\n\t\t\t<style>\/*! elementor - v3.5.6 - 28-02-2022 *\/\n.elementor-heading-title{padding:0;margin:0;line-height:1}.elementor-widget-heading .elementor-heading-title[class*=elementor-size-]>a{color:inherit;font-size:inherit;line-height:inherit}.elementor-widget-heading .elementor-heading-title.elementor-size-small{font-size:15px}.elementor-widget-heading .elementor-heading-title.elementor-size-medium{font-size:19px}.elementor-widget-heading .elementor-heading-title.elementor-size-large{font-size:29px}.elementor-widget-heading .elementor-heading-title.elementor-size-xl{font-size:39px}.elementor-widget-heading .elementor-heading-title.elementor-size-xxl{font-size:59px}<\/style><h1 class=\"elementor-heading-title elementor-size-default\">Hakk\u0131m\u0131zda<\/h1>\t\t<\/div>\n\t\t\t\t<\/div>\n\t\t\t\t\t<\/div>\n\t\t<\/div>\n\t\t\t\t\t\t\t<\/div>\n\t\t<\/section>\n\t\t\t\t<section class=\"elementor-section elementor-top-section elementor-element elementor-element-6933453 elementor-section-boxed elementor-section-height-default elementor-section-height-default\" data-id=\"6933453\" data-element_type=\"section\">\n\t\t\t\t\t\t<div class=\"elementor-container elementor-column-gap-default\">\n\t\t\t\t\t<div class=\"elementor-column elementor-col-100 elementor-top-column elementor-element elementor-element-c42831d\" data-id=\"c42831d\" data-element_type=\"column\">\n\t\t\t<div class=\"elementor-widget-wrap elementor-element-populated\">\n\t\t\t\t\t\t\t\t<div class=\"elementor-element elementor-element-1ee64cf elementor-widget elementor-widget-text-editor\" data-id=\"1ee64cf\" data-element_type=\"widget\" data-widget_type=\"text-editor.default\">\n\t\t\t\t<div class=\"elementor-widget-container\">\n\t\t\t<style>\/*! elementor - v3.5.6 - 28-02-2022 *\/\n.elementor-widget-text-editor.elementor-drop-cap-view-stacked .elementor-drop-cap{background-color:#818a91;color:#fff}.elementor-widget-text-editor.elementor-drop-cap-view-framed .elementor-drop-cap{color:#818a91;border:3px solid;background-color:transparent}.elementor-widget-text-editor:not(.elementor-drop-cap-view-default) .elementor-drop-cap{margin-top:8px}.elementor-widget-text-editor:not(.elementor-drop-cap-view-default) .elementor-drop-cap-letter{width:1em;height:1em}.elementor-widget-text-editor .elementor-drop-cap{float:left;text-align:center;line-height:1;font-size:50px}.elementor-widget-text-editor .elementor-drop-cap-letter{display:inline-block}<\/style>\t\t\t\t<p><font face=\"Arial, sans-serif\"><span style=\"font-size: 13.3333px;\">CG K\u0130MYA 1999 y\u0131l\u0131nda \u0130zmir&#8217; de kurulmu\u015ftur. &#8220;Su \u015eartland\u0131rma Kimyasallar\u0131&#8221; ve &#8220;Kat\u0131 Yak\u0131t \u00c7e\u015fitleri&#8221; ile sanayi sekt\u00f6r\u00fc ve ya\u015fam birimlerine hizmet veren bir firmad\u0131r.&nbsp;<\/span><\/font><\/p>\n<p><font face=\"Arial, sans-serif\"><span style=\"font-size: 13.3333px;\">&#8220;Su \u015eartland\u0131rma Kimyasallar\u0131&#8221; \u00fcretimi ve sistemlerde profesyonelce uygulanmas\u0131 konusunda lider konumdad\u0131r.<\/span><\/font><\/p>\n<p><font face=\"Arial, sans-serif\"><span style=\"font-size: 13.3333px;\">Kat\u0131 yak\u0131t se\u00e7eneklerinin tedari\u011fi ve sistemlere uygun kat\u0131 yak\u0131t\u0131n kullan\u0131lmas\u0131nda; kaliteden \u00f6d\u00fcn vermeyen, zaman\u0131nda sevkiyat politikas\u0131n\u0131 benimsemi\u015f&nbsp;<\/span><\/font><span style=\"background-color: var(--nv-site-bg);\"><font face=\"Arial, sans-serif\" style=\"\"><span style=\"font-size: 13.3333px;\">profesyonel ekibi ile \u00e7\u00f6z\u00fcm ortakl\u0131\u011f\u0131 sunmaktad\u0131r.<\/span><\/font><\/span><\/p>\n<p><font face=\"Arial, sans-serif\"><span style=\"font-size: 13.3333px;\">\u0130\u015fletme ve konutlarda; kazan tipi ve yak\u0131t\u0131 ne olursa olsun her sisteme &#8220;Su \u015eartland\u0131rma ve \u0130yile\u015ftirme&#8221; konular\u0131nda eksiksiz hizmet vermek \u015firket \u00e7al\u0131\u015fanlar\u0131m\u0131z\u0131n g\u00f6revidir.<\/span><\/font><\/p>\n<p><font face=\"Arial, sans-serif\"><span style=\"font-size: 13.3333px;\">A\u00e7\u0131k, yar\u0131 a\u00e7\u0131k ve kapal\u0131 devre so\u011futma sistemelerinde kullan\u0131lacak su \u015fartland\u0131rma kimyasal\u0131n\u0131n periyodik kullan\u0131m\u0131; bu sistemlerin kontrol\u00fc ve temizlik hizmetini firma m\u00fchendislerimizce sa\u011flamaktay\u0131z. Ayr\u0131ca m\u00fchendislerimiz, al\u0131nan su numunelerinden&nbsp; analiz ve labaratuvar hizmetlerini haz\u0131rlamakta ve yetkililere yorumlar\u0131 ile birlikte iletmektedir.&nbsp;<\/span><\/font><\/p>\n<p><font face=\"Arial, sans-serif\"><span style=\"font-size: 13.3333px;\">&#8220;Su Yumu\u015fatma ve Ar\u0131tma Sistemleri&#8221; kurulumu, bak\u0131m\u0131, temizli\u011fi, kontrol\u00fc ve uygun kimyasal kullan\u0131m\u0131 a\u015famalar\u0131nda uzman m\u00fchendislerimiz t\u00fcm servis ve dan\u0131\u015fmanl\u0131k hizmetlerini \u00fccretsiz olarak yapmaktad\u0131rlar.<\/span><\/font><\/p>\n<p><font face=\"Arial, sans-serif\"><span style=\"font-size: 13.3333px;\">Hizmet verdi\u011fimiz sekt\u00f6rler:<\/span><\/font><\/p>\n<p><font face=\"Arial, sans-serif\"><span style=\"font-size: 13.3333px;\">Ambalaj Sanayi,<\/span><\/font><\/p>\n<p><font face=\"Arial, sans-serif\"><span style=\"font-size: 13.3333px;\">Apartman ve Siteler,<\/span><\/font><\/p>\n<p><font face=\"Arial, sans-serif\"><span style=\"font-size: 13.3333px;\">Boya Sanayi,<\/span><\/font><\/p>\n<p><font face=\"Arial, sans-serif\"><span style=\"font-size: 13.3333px;\">\u00c7ama\u015f\u0131r Y\u0131kama Fabrikalar\u0131,<\/span><\/font><\/p>\n<p><font face=\"Arial, sans-serif\"><span style=\"font-size: 13.3333px;\">Demir \u00c7elik sanayi,<\/span><\/font><\/p>\n<p><font face=\"Arial, sans-serif\"><span style=\"font-size: 13.3333px;\">Enerji Sekt\u00f6r\u00fc,<\/span><\/font><\/p>\n<p><font face=\"Arial, sans-serif\"><span style=\"font-size: 13.3333px;\">G\u0131da Sekt\u00f6r\u00fc,<\/span><\/font><\/p>\n<p><font face=\"Arial, sans-serif\"><span style=\"font-size: 13.3333px;\">Hastaneler,<\/span><\/font><\/p>\n<p><font face=\"Arial, sans-serif\"><span style=\"font-size: 13.3333px;\">\u0130n\u015faat ( Kal\u0131p Beton Fabrikalar\u0131 ),<\/span><\/font><\/p>\n<p><font face=\"Arial, sans-serif\"><span style=\"font-size: 13.3333px;\">Ka\u011f\u0131t Sanayi,<\/span><\/font><\/p>\n<p><font face=\"Arial, sans-serif\"><span style=\"font-size: 13.3333px;\">Kaplama Sanayi,<\/span><\/font><\/p>\n<p><font face=\"Arial, sans-serif\"><span style=\"font-size: 13.3333px;\">Kesimhaneler ( Hayvanc\u0131l\u0131k ),<\/span><\/font><\/p>\n<p><font face=\"Arial, sans-serif\"><span style=\"font-size: 13.3333px;\">Madencilik Sekt\u00f6r\u00fc,<\/span><\/font><\/p>\n<p><font face=\"Arial, sans-serif\"><span style=\"font-size: 13.3333px;\">Mandr\u0131lar,<\/span><\/font><\/p>\n<p><font face=\"Arial, sans-serif\"><span style=\"font-size: 13.3333px;\">Okullar ve Yurtlar,<\/span><\/font><\/p>\n<p><font face=\"Arial, sans-serif\"><span style=\"font-size: 13.3333px;\">Otel ve Konaklama Tesisleri,<\/span><\/font><\/p>\n<p><font face=\"Arial, sans-serif\"><span style=\"font-size: 13.3333px;\">Petrokimya Tesisleri,<\/span><\/font><\/p>\n<p><font face=\"Arial, sans-serif\"><span style=\"font-size: 13.3333px;\">Plastik Fabrikalar\u0131,<\/span><\/font><\/p>\n<p><font face=\"Arial, sans-serif\"><span style=\"font-size: 13.3333px;\">Spa, Hamam, Jeo Termal Tesisleri,<\/span><\/font><\/p>\n<p><font face=\"Arial, sans-serif\"><span style=\"font-size: 13.3333px;\">S\u00fct ve S\u00fct \u00dcr\u00fcnleri Sekt\u00f6r\u00fc,<\/span><\/font><\/p>\n<p><font face=\"Arial, sans-serif\"><span style=\"font-size: 13.3333px;\">Tekstil Fabrikalar\u0131,<\/span><\/font><\/p>\n<p><font face=\"Arial, sans-serif\"><span style=\"font-size: 13.3333px;\">Tur\u015fu &amp; Sal\u00e7a Fabrikalar\u0131,<\/span><\/font><\/p>\n<p><font face=\"Arial, sans-serif\"><span style=\"font-size: 13.3333px;\">T\u00fct\u00fcn \u0130\u015fletmeleri,<\/span><\/font><\/p>\n<p><font face=\"Arial, sans-serif\"><span style=\"font-size: 13.3333px;\">Ya\u011f Kombinalar\u0131,<\/span><\/font><\/p>\n<p><font face=\"Arial, sans-serif\"><span style=\"font-size: 13.3333px;\">Yem Fabrikalar\u0131.<\/span><\/font><\/p>\t\t\t\t\t\t<\/div>\n\t\t\t\t<\/div>\n\t\t\t\t\t<\/div>\n\t\t<\/div>\n\t\t\t\t\t\t\t<\/div>\n\t\t<\/section>\n\t\t\t\t\t\t<\/div>\n\t\t\t\t\t<\/div>\n\t\t","protected":false},"excerpt":{"rendered":"<p>Hakk\u0131m\u0131zda CG K\u0130MYA 1999 y\u0131l\u0131nda \u0130zmir&#8217; de kurulmu\u015ftur. &#8220;Su \u015eartland\u0131rma Kimyasallar\u0131&#8221; ve &#8220;Kat\u0131 Yak\u0131t \u00c7e\u015fitleri&#8221; ile sanayi sekt\u00f6r\u00fc ve ya\u015fam birimlerine hizmet veren bir firmad\u0131r.&nbsp; &#8220;Su \u015eartland\u0131rma Kimyasallar\u0131&#8221; \u00fcretimi ve sistemlerde profesyonelce uygulanmas\u0131 konusunda lider konumdad\u0131r. Kat\u0131 yak\u0131t se\u00e7eneklerinin tedari\u011fi ve sistemlere uygun kat\u0131 yak\u0131t\u0131n kullan\u0131lmas\u0131nda; kaliteden \u00f6d\u00fcn vermeyen, zaman\u0131nda sevkiyat politikas\u0131n\u0131 benimsemi\u015f&nbsp;profesyonel ekibi ile&hellip;&nbsp;<a href=\"https:\/\/cgkimya.com\/index.php\/hakkimizda\/\" class=\"\" rel=\"bookmark\">Daha fazlas\u0131n\u0131 oku &raquo;<span class=\"screen-reader-text\">Hakk\u0131m\u0131zda<\/span><\/a><\/p>\n","protected":false},"author":1,"featured_media":0,"parent":0,"menu_order":0,"comment_status":"closed","ping_status":"closed","template":"page-templates\/template-pagebuilder-full-width.php","meta":{"neve_meta_sidebar":"default","neve_meta_container":"default","neve_meta_enable_content_width":"on","neve_meta_content_width":100,"neve_meta_title_alignment":"","neve_meta_author_avatar":"","neve_post_elements_order":"","neve_meta_disable_header":"","neve_meta_disable_footer":"","neve_meta_disable_title":"on"},"_links":{"self":[{"href":"https:\/\/cgkimya.com\/index.php\/wp-json\/wp\/v2\/pages\/61"}],"collection":[{"href":"https:\/\/cgkimya.com\/index.php\/wp-json\/wp\/v2\/pages"}],"about":[{"href":"https:\/\/cgkimya.com\/index.php\/wp-json\/wp\/v2\/types\/page"}],"author":[{"embeddable":true,"href":"https:\/\/cgkimya.com\/index.php\/wp-json\/wp\/v2\/users\/1"}],"replies":[{"embeddable":true,"href":"https:\/\/cgkimya.com\/index.php\/wp-json\/wp\/v2\/comments?post=61"}],"version-history":[{"count":20,"href":"https:\/\/cgkimya.com\/index.php\/wp-json\/wp\/v2\/pages\/61\/revisions"}],"predecessor-version":[{"id":865,"href":"https:\/\/cgkimya.com\/index.php\/wp-json\/wp\/v2\/pages\/61\/revisions\/865"}],"wp:attachment":[{"href":"https:\/\/cgkimya.com\/index.php\/wp-json\/wp\/v2\/media?parent=61"}],"curies":[{"name":"wp","href":"https:\/\/api.w.org\/{rel}","templated":true}]}}