{"id":562,"date":"2022-03-04T09:46:14","date_gmt":"2022-03-04T09:46:14","guid":{"rendered":"https:\/\/cgkimya.com\/wordpress\/?page_id=562"},"modified":"2022-03-07T07:30:30","modified_gmt":"2022-03-07T07:30:30","slug":"yerli-komur","status":"publish","type":"page","link":"https:\/\/cgkimya.com\/index.php\/yerli-komur\/","title":{"rendered":"Yerli K\u00f6m\u00fcr"},"content":{"rendered":"\t\t<div data-elementor-type=\"wp-page\" data-elementor-id=\"562\" class=\"elementor elementor-562\" data-elementor-settings=\"[]\">\n\t\t\t\t\t\t\t<div class=\"elementor-section-wrap\">\n\t\t\t\t\t\t\t<section class=\"elementor-section elementor-top-section elementor-element elementor-element-75a06f3 elementor-section-height-min-height elementor-section-boxed elementor-section-height-default elementor-section-items-middle\" data-id=\"75a06f3\" data-element_type=\"section\" data-settings=\"{&quot;background_background&quot;:&quot;classic&quot;}\">\n\t\t\t\t\t\t<div class=\"elementor-container elementor-column-gap-extended\">\n\t\t\t\t\t<div class=\"elementor-column elementor-col-100 elementor-top-column elementor-element elementor-element-9ebdef0\" data-id=\"9ebdef0\" data-element_type=\"column\">\n\t\t\t<div class=\"elementor-widget-wrap elementor-element-populated\">\n\t\t\t\t\t\t\t\t<div class=\"elementor-element elementor-element-75df4b3 elementor-widget elementor-widget-heading\" data-id=\"75df4b3\" data-element_type=\"widget\" data-widget_type=\"heading.default\">\n\t\t\t\t<div class=\"elementor-widget-container\">\n\t\t\t<style>\/*! elementor - v3.5.6 - 28-02-2022 *\/\n.elementor-heading-title{padding:0;margin:0;line-height:1}.elementor-widget-heading .elementor-heading-title[class*=elementor-size-]>a{color:inherit;font-size:inherit;line-height:inherit}.elementor-widget-heading .elementor-heading-title.elementor-size-small{font-size:15px}.elementor-widget-heading .elementor-heading-title.elementor-size-medium{font-size:19px}.elementor-widget-heading .elementor-heading-title.elementor-size-large{font-size:29px}.elementor-widget-heading .elementor-heading-title.elementor-size-xl{font-size:39px}.elementor-widget-heading .elementor-heading-title.elementor-size-xxl{font-size:59px}<\/style><h1 class=\"elementor-heading-title elementor-size-default\">Yerli K\u00f6m\u00fcr<\/h1>\t\t<\/div>\n\t\t\t\t<\/div>\n\t\t\t\t\t<\/div>\n\t\t<\/div>\n\t\t\t\t\t\t\t<\/div>\n\t\t<\/section>\n\t\t\t\t<section class=\"elementor-section elementor-top-section elementor-element elementor-element-aaf4b88 elementor-section-boxed elementor-section-height-default elementor-section-height-default\" data-id=\"aaf4b88\" data-element_type=\"section\">\n\t\t\t\t\t\t<div class=\"elementor-container elementor-column-gap-default\">\n\t\t\t\t\t<div class=\"elementor-column elementor-col-100 elementor-top-column elementor-element elementor-element-b2d45cd\" data-id=\"b2d45cd\" data-element_type=\"column\">\n\t\t\t<div class=\"elementor-widget-wrap elementor-element-populated\">\n\t\t\t\t\t\t\t\t<div class=\"elementor-element elementor-element-7eebcc9 elementor-widget elementor-widget-text-editor\" data-id=\"7eebcc9\" data-element_type=\"widget\" data-widget_type=\"text-editor.default\">\n\t\t\t\t<div class=\"elementor-widget-container\">\n\t\t\t<style>\/*! elementor - v3.5.6 - 28-02-2022 *\/\n.elementor-widget-text-editor.elementor-drop-cap-view-stacked .elementor-drop-cap{background-color:#818a91;color:#fff}.elementor-widget-text-editor.elementor-drop-cap-view-framed .elementor-drop-cap{color:#818a91;border:3px solid;background-color:transparent}.elementor-widget-text-editor:not(.elementor-drop-cap-view-default) .elementor-drop-cap{margin-top:8px}.elementor-widget-text-editor:not(.elementor-drop-cap-view-default) .elementor-drop-cap-letter{width:1em;height:1em}.elementor-widget-text-editor .elementor-drop-cap{float:left;text-align:center;line-height:1;font-size:50px}.elementor-widget-text-editor .elementor-drop-cap-letter{display:inline-block}<\/style>\t\t\t\t<p class=\"style4\"><span style=\"font-size:10.0pt;color:windowtext\">SOMA HAVZASININ\nK\u00d6M\u00dcR JEOLOJ\u0130S\u0130 HAKKINDA GENEL B\u0130LG\u0130LER:<o:p><\/o:p><\/span><\/p><p class=\"style6\">600 milyon ton g\u00f6r\u00fcn\u00fcr rezerv ve y\u0131ll\u0131k 10 milyon ton \u00fcretim\nmiktar\u0131 4000-6000k.cal\/kg ortalama AID ile ba\u015fta Manisa ili Soma il\u00e7esi olmak\n\u00fczere T\u00fcrkiye ekonomisine \u00f6nemli miktarda katma de\u011fer yaratmaktad\u0131r.\u201d Soma\nLinyit Havzas\u0131\u201d \u00fclkemiz i\u00e7in \u00e7ok \u00f6nemlidir.<span style=\"font-size:10.0pt\"> Soma\nHavzas\u0131nda 1910\u2019lu y\u0131llarda ba\u015flayan jeolojik \u00e7al\u0131\u015fmalar g\u00fcn\u00fcm\u00fcze kadar devam\netmi\u015f olup; bug\u00fcn Eynez, Kalemk\u00f6y, Yaylak\u00f6y ve civarlar\u0131nda sondajl\u0131 olarak\ndevam etmektedir. <o:p><\/o:p><\/span><\/p><p class=\"style5\"><span style=\"font-size:10.0pt\">K\u00d6M\u00dcR OLU\u015eUM ORTAMLARI:<o:p><\/o:p><\/span><\/p><p class=\"style6\"><span style=\"font-size:10.0pt\">K\u00f6m\u00fcr karasal (Limnik)\nortamlarda veya denize yak\u0131n k\u0131y\u0131sal batakl\u0131klarda (Faralik), yerinde (Otokton)\nveya ta\u015f\u0131narak (Allokton) gelen bitkisel malzemelerin \u00e7\u00f6kelimi sonucu\n(Sedimanter) olu\u015fmu\u015f kat\u0131 yak\u0131tlard\u0131r. \u201cParalik Havzalarda\u201d; deniz seviyesinin\ns\u00fcrekli y\u00fckselim ve al\u00e7al\u0131m g\u00f6stermesi sonucu, birbirinden ba\u011fims\u0131z olarak\ngeli\u015fmi\u015f k\u00f6m\u00fcr damarlar\u0131n\u0131n say\u0131s\u0131 fazla buna kar\u015f\u0131l\u0131k damar kal\u0131nl\u0131klar\u0131\nincedir. Limnik Havzalarda ise; damar say\u0131s\u0131n\u0131 az olmas\u0131na kar\u015f\u0131l\u0131k damar\nkal\u0131nl\u0131klar\u0131 fazlad\u0131r. T\u00fcrkiye\u2019deki bilinen Linyit suhurlar\u0131n\u0131n bir b\u00f6l\u00fcm\u00fc\n\u201cLimnik Havzalarda\u201d tamam\u0131 ise yerinde olu\u015fmu\u015ftur.<o:p><\/o:p><\/span><\/p><p class=\"style5\"><span style=\"font-size:10.0pt\">K\u00d6M\u00dcRLE\u015eMEYE ETK\u0130 EDEN\nFAKT\u00d6RLER:<o:p><\/o:p><\/span><\/p><p class=\"style6\"><strong><span style=\"font-size:10.0pt\">1-<\/span><\/strong><span style=\"font-size:10.0pt\"> Havzadaki bitkisel malzeme miktar\u0131 ve cinsi. <strong>2-<\/strong>\nZaman. <strong>3-<\/strong> Is\u0131. <strong>4-<\/strong> Bas\u0131n\u00e7. <strong>5-<\/strong>\nS\u00fcpsidans.<o:p><\/o:p><\/span><\/p><p class=\"style6\"><span style=\"font-size:10.0pt\">K\u00f6m\u00fcrle\u015fme derecesine; zaman,\n\u0131s\u0131 ve bas\u0131n\u00e7 kavramlar\u0131n\u0131n her biri tek ba\u015f\u0131na etki etmekte olup, \u00fc\u00e7\u00fcn\u00fcn\nbirden ortak etkisi s\u00f6z konusudur. \u015e\u00f6yleki; en ya\u015fl\u0131 veya en \u00e7ok bas\u0131nca maruz\nkalm\u0131\u015f bir k\u00f6m\u00fcr damar\u0131n\u0131n k\u00f6m\u00fcrle\u015fme derecesi her zaman en y\u00fcksek olmamaktad\u0131r.\nS\u00fcpsidans; genel anlamda Havzan\u0131n \u00e7\u00f6kmesi olarak ifade edilmektedir. K\u00f6m\u00fcrle\u015fme\nolay\u0131 i\u00e7in \u00e7\u00f6kelen bitkisel malzemelerin havan\u0131n oksijeni ile temas etmeden\nindirgeyici bir ortamda kalmalar\u0131 gerekmekte, buda Havzan\u0131n \u00e7\u00f6kmesi sonucu\nm\u00fcmk\u00fcn olabilmektedir. Yaln\u0131z bu arada havza \u00e7\u00f6kmesinin h\u0131z\u0131 \u00f6nem\nkazanmaktad\u0131r. E\u011fer s\u00fcbsidans fazla ise su derini\u011fi artt\u0131rmakda, bu durumda\nturuvan\u0131n yeti\u015fmesi i\u00e7in gerekli batakl\u0131k ortam ortadan kalkmaktad\u0131r. \u00c7\u00f6kme az\noldu\u011fu zaman da ise y\u0131\u011f\u0131\u015fan bitkisel malzemelerin havan\u0131n oksijeni ile temas\nederek bozulmas\u0131 s\u00f6z konusudur. Sonu\u00e7 olarak; k\u00f6m\u00fcrle\u015fmenin ger\u00e7ekle\u015fmesi i\u00e7in\n\u00e7\u00f6kme h\u0131z\u0131n\u0131n \u00e7\u00f6kelen bitkisel maddenin havan\u0131n oksijeni ile temas etmeyecek\nkadar h\u0131zl\u0131, su derinli\u011finin de artmayaca\u011f\u0131 kadar da yava\u015f optimum bir de\u011ferde\nolmas\u0131 gerekmektedir.Bitkisel malzemenin \u00e7\u00f6kelimi esnas\u0131nda; a\u015f\u0131r\u0131 havza\n\u00e7\u00f6kmesi veya su rejimine ba\u011fl\u0131 olarak su derinli\u011finin fazlala\u015ft\u0131\u011f\u0131 d\u00f6nemlerde,\nsuyun i\u00e7erisindeki suspansiyon halinde kaba taneli (kum, kil, silt) malzemenin\n\u00e7\u00f6kelinin olmakta, bu ise k\u00f6m\u00fcr damarlar\u0131n\u0131n aras\u0131ndaki kil ara kesmelerin\nolu\u015fumu \u015feklinde kar\u015f\u0131m\u0131za \u00e7\u0131kmaktad\u0131r.<o:p><\/o:p><\/span><\/p><p class=\"style6\"><b><span style=\"font-size:\n14.0pt\">SATI\u015eA SUNDU\u011eUMUZ YERL\u0130 SANAY\u0130 K\u00d6M\u00dcR\u00dc \u00c7E\u015e\u0130TLER\u0130:<\/span><\/b><span style=\"font-size:14.0pt\"><o:p><\/o:p><\/span><\/p><p class=\"style6\" style=\"margin-left:36.0pt;text-indent:-18.0pt;mso-list:l0 level1 lfo1;\ntab-stops:list 36.0pt\"><!--[if !supportLists]--><b><span style=\"font-size:14.0pt\">1-<span style=\"font-variant-numeric: normal; font-variant-east-asian: normal; font-weight: normal; font-stretch: normal; font-size: 7pt; line-height: normal; font-family: &quot;Times New Roman&quot;;\">&nbsp;&nbsp;&nbsp; <\/span><\/span><\/b><!--[endif]--><b><span style=\"font-size:14.0pt\">K\u0131srakdere\nY\u0131kanm\u0131\u015f&nbsp;  10-18 mm. ( f\u0131nd\u0131k )<o:p><\/o:p><\/span><\/b><\/p><p class=\"style6\" style=\"margin-left:36.0pt;text-indent:-18.0pt;mso-list:l0 level1 lfo1;\ntab-stops:list 36.0pt\"><!--[if !supportLists]--><b><span style=\"font-size:14.0pt\">2-<span style=\"font-variant-numeric: normal; font-variant-east-asian: normal; font-weight: normal; font-stretch: normal; font-size: 7pt; line-height: normal; font-family: &quot;Times New Roman&quot;;\">&nbsp;&nbsp;&nbsp; <\/span><\/span><\/b><!--[endif]--><b><span style=\"font-size:14.0pt\">K\u0131srakdere\nY\u0131kanm\u0131\u015f  &nbsp;05-10 mm. ( pirin\u00e7 )<o:p><\/o:p><\/span><\/b><\/p><p>\n\n\n\n\n\n\n\n\n\n\n\n\n\n\n\n\n\n\n\n<\/p><p class=\"style6\" style=\"margin-left:36.0pt;text-indent:-18.0pt;mso-list:l0 level1 lfo1;\ntab-stops:list 36.0pt\"><!--[if !supportLists]--><b><span style=\"font-size:14.0pt\">3-<span style=\"font-variant-numeric: normal; font-variant-east-asian: normal; font-weight: normal; font-stretch: normal; font-size: 7pt; line-height: normal; font-family: &quot;Times New Roman&quot;;\">&nbsp;&nbsp;&nbsp; <\/span><\/span><\/b><!--[endif]--><b><span style=\"font-size:14.0pt\">K\u0131srakdere&nbsp;&nbsp;&nbsp;&nbsp;&nbsp;&nbsp;&nbsp;&nbsp;&nbsp;&nbsp;&nbsp;&nbsp;&nbsp;&nbsp;&nbsp;&nbsp; &nbsp; &nbsp;&nbsp;&nbsp;0-18 mm. ( toz )<o:p><\/o:p><\/span><\/b><\/p>\t\t\t\t\t\t<\/div>\n\t\t\t\t<\/div>\n\t\t\t\t\t<\/div>\n\t\t<\/div>\n\t\t\t\t\t\t\t<\/div>\n\t\t<\/section>\n\t\t\t\t\t\t<\/div>\n\t\t\t\t\t<\/div>\n\t\t","protected":false},"excerpt":{"rendered":"<p>Yerli K\u00f6m\u00fcr SOMA HAVZASININ K\u00d6M\u00dcR JEOLOJ\u0130S\u0130 HAKKINDA GENEL B\u0130LG\u0130LER: 600 milyon ton g\u00f6r\u00fcn\u00fcr rezerv ve y\u0131ll\u0131k 10 milyon ton \u00fcretim miktar\u0131 4000-6000k.cal\/kg ortalama AID ile ba\u015fta Manisa ili Soma il\u00e7esi olmak \u00fczere T\u00fcrkiye ekonomisine \u00f6nemli miktarda katma de\u011fer yaratmaktad\u0131r.\u201d Soma Linyit Havzas\u0131\u201d \u00fclkemiz i\u00e7in \u00e7ok \u00f6nemlidir. Soma Havzas\u0131nda 1910\u2019lu y\u0131llarda ba\u015flayan jeolojik \u00e7al\u0131\u015fmalar g\u00fcn\u00fcm\u00fcze kadar&hellip;&nbsp;<a href=\"https:\/\/cgkimya.com\/index.php\/yerli-komur\/\" class=\"\" rel=\"bookmark\">Daha fazlas\u0131n\u0131 oku &raquo;<span class=\"screen-reader-text\">Yerli K\u00f6m\u00fcr<\/span><\/a><\/p>\n","protected":false},"author":1,"featured_media":0,"parent":0,"menu_order":0,"comment_status":"closed","ping_status":"closed","template":"page-templates\/template-pagebuilder-full-width.php","meta":{"neve_meta_sidebar":"","neve_meta_container":"","neve_meta_enable_content_width":"","neve_meta_content_width":0,"neve_meta_title_alignment":"","neve_meta_author_avatar":"","neve_post_elements_order":"","neve_meta_disable_header":"","neve_meta_disable_footer":"","neve_meta_disable_title":""},"_links":{"self":[{"href":"https:\/\/cgkimya.com\/index.php\/wp-json\/wp\/v2\/pages\/562"}],"collection":[{"href":"https:\/\/cgkimya.com\/index.php\/wp-json\/wp\/v2\/pages"}],"about":[{"href":"https:\/\/cgkimya.com\/index.php\/wp-json\/wp\/v2\/types\/page"}],"author":[{"embeddable":true,"href":"https:\/\/cgkimya.com\/index.php\/wp-json\/wp\/v2\/users\/1"}],"replies":[{"embeddable":true,"href":"https:\/\/cgkimya.com\/index.php\/wp-json\/wp\/v2\/comments?post=562"}],"version-history":[{"count":4,"href":"https:\/\/cgkimya.com\/index.php\/wp-json\/wp\/v2\/pages\/562\/revisions"}],"predecessor-version":[{"id":765,"href":"https:\/\/cgkimya.com\/index.php\/wp-json\/wp\/v2\/pages\/562\/revisions\/765"}],"wp:attachment":[{"href":"https:\/\/cgkimya.com\/index.php\/wp-json\/wp\/v2\/media?parent=562"}],"curies":[{"name":"wp","href":"https:\/\/api.w.org\/{rel}","templated":true}]}}